{"id":487,"date":"2017-10-10T16:51:00","date_gmt":"2017-10-10T14:51:00","guid":{"rendered":"http:\/\/www.wm-einbeck.de\/en\/?page_id=487"},"modified":"2020-02-06T10:43:05","modified_gmt":"2020-02-06T09:43:05","slug":"imprint","status":"publish","type":"page","link":"https:\/\/www.wm-einbeck.de\/en\/imprint\/","title":{"rendered":"Imprint"},"content":{"rendered":"<p>[vc_row content_placement=&#8221;top&#8221; el_class=&#8221;background-center-bottom&#8221;][vc_column][vc_single_image source=&#8221;featured_image&#8221; img_size=&#8221;1250&#215;500&#8243; alignment=&#8221;center&#8221; el_class=&#8221;wm_header&#8221;][\/vc_column][\/vc_row][vc_row][vc_column][vc_row_inner][vc_column_inner width=&#8221;1\/2&#8243; css=&#8221;.vc_custom_1507649251844{margin-bottom: 30px !important;}&#8221;][vc_column_text]<\/p>\n<h3>Imprint<\/h3>\n<p><strong>Wei\u00dfenborn Maschinenbau GmbH\u00a0<\/strong><\/p>\n<p>Schwammelwitzerstr. 13<br \/>\n37574 Einbeck<\/p>\n<p>General manager: Bernd Wei\u00dfenborn<\/p>\n<p>Taxpayer identification number: 12\/212\/03603<br \/>\nValue added tax identification number: DE 237831723<\/p>\n<p>Lower regional court G\u00f6ttingen<br \/>\nHRB 130 699<\/p>\n<p>Phone: +49 5561 \/ 79 39 0 &#8211; 00<br \/>\nFax: +49 5561 \/ 79 39 0 &#8211; 99<\/p>\n<p><a href=\"mailto:info@wm-einbeck.de\">info@wm-einbeck.de<\/a><\/p>\n<p><a href=\"http:\/\/www.wm-einbeck.de\/en\/wp-content\/uploads\/sites\/2\/2017\/10\/AGB.pdf\" target=\"_blank\" rel=\"noopener\">General terms and conditions<\/a>[\/vc_column_text][\/vc_column_inner][vc_column_inner width=&#8221;1\/2&#8243;][vc_column_text]<\/p>\n<h4>Concept, Design and Realization<\/h4>\n<p><img loading=\"lazy\" decoding=\"async\" class=\"alignnone wp-image-493\" title=\"alto. Digitalagentur\" src=\"https:\/\/www.wm-einbeck.de\/en\/wp-content\/uploads\/sites\/2\/2017\/10\/alto_logo.png\" alt=\"alto. Digitalagentur\" width=\"129\" height=\"41\" \/><\/p>\n<p>alto.de New Media GmbH<br \/>\n<a title=\"alto. Digitalagentur \u2013 Wir vereinfachen digitale Prozesse!\" href=\"https:\/\/www.alto.de\/\" target=\"_blank\" rel=\"nofollow noopener\">www.alto.de<\/a>[\/vc_column_text][vc_column_text]<strong>Picture credit:<br \/>\n<\/strong>Custom image archive.[\/vc_column_text][\/vc_column_inner][\/vc_row_inner][\/vc_column][\/vc_row][vc_row][vc_column][vc_row_inner][vc_column_inner css=&#8221;.vc_custom_1507649251844{margin-bottom: 30px !important;}&#8221;][vc_column_text]<i>Alternative Streitbeilegung f\u00fcr Verbraucher gem\u00e4\u00df Art. 14 Abs. 1 ODR-Verordnung und \u00a7 36 VSBG<\/i><\/p>\n<p>The European Commission provides for consumer a platform to the on-line quarrel settlement which ist o be founs under <a href=\"http:\/\/ec.europa.eu\/consumers\/odr\/\">http:\/\/ec.europa.eu\/consumers\/odr\/<\/a>. We are not obliged and not ready to the participation in a quarrel settlement procedure before a consumer arbitration board. Our email-adress is: <a href=\"mailto:info@wm-einbeck.de\">info@wm-einbeck.de<\/a>[\/vc_column_text][\/vc_column_inner][\/vc_row_inner][\/vc_column][\/vc_row]<\/p>\n","protected":false},"excerpt":{"rendered":"<p>[vc_row content_placement=&#8221;top&#8221; el_class=&#8221;background-center-bottom&#8221;][vc_column][vc_single_image source=&#8221;featured_image&#8221; img_size=&#8221;1250&#215;500&#8243; alignment=&#8221;center&#8221; el_class=&#8221;wm_header&#8221;][\/vc_column][\/vc_row][vc_row][vc_column][vc_row_inner][vc_column_inner width=&#8221;1\/2&#8243; css=&#8221;.vc_custom_1507649251844{margin-bottom: 30px !important;}&#8221;][vc_column_text] Imprint Wei\u00dfenborn Maschinenbau GmbH\u00a0 Schwammelwitzerstr. 13 37574 Einbeck General manager: Bernd Wei\u00dfenborn Taxpayer identification number:<span class=\"excerpt-hellip\"> [\u2026]<\/span><\/p>\n","protected":false},"author":2,"featured_media":378,"parent":0,"menu_order":0,"comment_status":"closed","ping_status":"closed","template":"","meta":{"footnotes":""},"class_list":["post-487","page","type-page","status-publish","has-post-thumbnail","hentry"],"_links":{"self":[{"href":"https:\/\/www.wm-einbeck.de\/en\/wp-json\/wp\/v2\/pages\/487","targetHints":{"allow":["GET"]}}],"collection":[{"href":"https:\/\/www.wm-einbeck.de\/en\/wp-json\/wp\/v2\/pages"}],"about":[{"href":"https:\/\/www.wm-einbeck.de\/en\/wp-json\/wp\/v2\/types\/page"}],"author":[{"embeddable":true,"href":"https:\/\/www.wm-einbeck.de\/en\/wp-json\/wp\/v2\/users\/2"}],"replies":[{"embeddable":true,"href":"https:\/\/www.wm-einbeck.de\/en\/wp-json\/wp\/v2\/comments?post=487"}],"version-history":[{"count":23,"href":"https:\/\/www.wm-einbeck.de\/en\/wp-json\/wp\/v2\/pages\/487\/revisions"}],"predecessor-version":[{"id":858,"href":"https:\/\/www.wm-einbeck.de\/en\/wp-json\/wp\/v2\/pages\/487\/revisions\/858"}],"wp:featuredmedia":[{"embeddable":true,"href":"https:\/\/www.wm-einbeck.de\/en\/wp-json\/wp\/v2\/media\/378"}],"wp:attachment":[{"href":"https:\/\/www.wm-einbeck.de\/en\/wp-json\/wp\/v2\/media?parent=487"}],"curies":[{"name":"wp","href":"https:\/\/api.w.org\/{rel}","templated":true}]}}